{"id":2596,"date":"2021-11-11T23:12:24","date_gmt":"2021-11-11T20:12:24","guid":{"rendered":"http:\/\/woodmaster.lt\/?page_id=2596"},"modified":"2022-02-07T15:32:17","modified_gmt":"2022-02-07T12:32:17","slug":"contacts","status":"publish","type":"page","link":"https:\/\/woodmaster.lt\/en\/contacts\/","title":{"rendered":"Contacts"},"content":{"rendered":"\n<div class=\"wp-block-columns is-layout-flex wp-container-core-columns-is-layout-9d6595d7 wp-block-columns-is-layout-flex\">\n<div class=\"wp-block-column is-layout-flow wp-block-column-is-layout-flow\" style=\"flex-basis:50%\">\n<div class=\"wp-block-columns is-layout-flex wp-container-core-columns-is-layout-9d6595d7 wp-block-columns-is-layout-flex\">\n<div class=\"wp-block-column is-layout-flow wp-block-column-is-layout-flow\">\n<div class=\"wp-block-group contact\"><div class=\"wp-block-group__inner-container is-layout-flow wp-block-group-is-layout-flow\">\n<h3 class=\"has-blue-color has-text-color wp-block-heading\" id=\"saulius-cepas\">Saulius \u010cepas<\/h3>\n\n\n\n<p class=\"has-light-color has-text-color has-small-font-size\">Headmaster<\/p>\n\n\n\n<p><a href=\"tel:+370 698 30446\">+370 698 30446<\/a><br><a href=\"mailto:saulius@woodmaster.lt\">saulius@woodmaster.lt<\/a><\/p>\n<\/div><\/div>\n<\/div>\n\n\n\n<div class=\"wp-block-column is-layout-flow wp-block-column-is-layout-flow\">\n<div class=\"wp-block-group contact\"><div class=\"wp-block-group__inner-container is-layout-flow wp-block-group-is-layout-flow\">\n<h3 class=\"has-blue-color has-text-color wp-block-heading\" id=\"egle-cepiene\">Egl\u0117 \u010cepien\u0117<\/h3>\n\n\n\n<p class=\"has-light-color has-text-color has-small-font-size\">Accountant<\/p>\n\n\n\n<p><a href=\"tel:+370 698 07330\">+370 698 07330<\/a><br><a href=\"mailto:info@woodmaster.lt\">info@woodmaster.lt<\/a><\/p>\n<\/div><\/div>\n<\/div>\n<\/div>\n\n\n\n<h3 class=\"wp-block-heading\" id=\"jsc-wood-master\">JSC &#8220;WOOD MASTER&#8221;<\/h3>\n\n\n\n<p><strong>Address:<\/strong><br>K. Petrausko 26, Kaunas                                            LT &#8211; 44156 Lithuania<br><\/p>\n\n\n\n<p><strong>Tel.:<\/strong>&nbsp;<a href=\"tel:+37034979027\">+370 349 79027<\/a><\/p>\n\n\n\n<p><strong><strong>Requisites<\/strong>:<\/strong><br>Company code: 157043965<br>VAT code: LT570439610<br>Bank account number: LT467044060003648798<br>Bank: AB SEB bank<br>Bank code: 70440<\/p>\n\n\n\n<div style=\"height:24px\" aria-hidden=\"true\" class=\"wp-block-spacer\"><\/div>\n<\/div>\n\n\n\n<div class=\"wp-block-column is-layout-flow wp-block-column-is-layout-flow\" style=\"flex-basis:41.666%\">\n<div class=\"wp-block-group contact-form-block\"><div class=\"wp-block-group__inner-container is-layout-flow wp-block-group-is-layout-flow\">\n<h2 class=\"wp-block-heading\" id=\"get-in-touch\">Get in Touch<\/h2>\n\n\n\n<div class=\"wpcf7 no-js\" id=\"wpcf7-f2593-o1\" lang=\"lt-LT\" dir=\"ltr\" data-wpcf7-id=\"2593\">\n<div class=\"screen-reader-response\"><p role=\"status\" aria-live=\"polite\" aria-atomic=\"true\"><\/p> <ul><\/ul><\/div>\n<form action=\"\/en\/wp-json\/wp\/v2\/pages\/2596#wpcf7-f2593-o1\" method=\"post\" class=\"wpcf7-form init\" aria-label=\"Kontakt\u0173 forma\" novalidate=\"novalidate\" data-status=\"init\">\n<fieldset class=\"hidden-fields-container\"><input type=\"hidden\" name=\"_wpcf7\" value=\"2593\" \/><input type=\"hidden\" name=\"_wpcf7_version\" value=\"6.1.5\" \/><input type=\"hidden\" name=\"_wpcf7_locale\" value=\"lt_LT\" \/><input type=\"hidden\" name=\"_wpcf7_unit_tag\" value=\"wpcf7-f2593-o1\" \/><input type=\"hidden\" name=\"_wpcf7_container_post\" value=\"0\" \/><input type=\"hidden\" name=\"_wpcf7_posted_data_hash\" value=\"\" \/><input type=\"hidden\" name=\"_wpcf7_recaptcha_response\" value=\"\" \/>\n<\/fieldset>\n<p><label> Your Name (required)<br \/>\n<span class=\"wpcf7-form-control-wrap\" data-name=\"your-name\"><input size=\"40\" maxlength=\"400\" class=\"wpcf7-form-control wpcf7-text wpcf7-validates-as-required\" aria-required=\"true\" aria-invalid=\"false\" value=\"\" type=\"text\" name=\"your-name\" \/><\/span> <\/label>\n<\/p>\n<p><label> Your Email (required)<br \/>\n<span class=\"wpcf7-form-control-wrap\" data-name=\"your-email\"><input size=\"40\" maxlength=\"400\" class=\"wpcf7-form-control wpcf7-email wpcf7-validates-as-required wpcf7-text wpcf7-validates-as-email\" aria-required=\"true\" aria-invalid=\"false\" value=\"\" type=\"email\" name=\"your-email\" \/><\/span> <\/label>\n<\/p>\n<p><label> Tel (required)<br \/>\n<span class=\"wpcf7-form-control-wrap\" data-name=\"your-tel\"><input size=\"40\" maxlength=\"400\" class=\"wpcf7-form-control wpcf7-tel wpcf7-validates-as-required wpcf7-text wpcf7-validates-as-tel\" aria-required=\"true\" aria-invalid=\"false\" value=\"\" type=\"tel\" name=\"your-tel\" \/><\/span> <\/label>\n<\/p>\n<p><label> Your Message<br \/>\n<span class=\"wpcf7-form-control-wrap\" data-name=\"your-message\"><textarea cols=\"40\" rows=\"10\" maxlength=\"2000\" class=\"wpcf7-form-control wpcf7-textarea\" aria-invalid=\"false\" name=\"your-message\"><\/textarea><\/span> <\/label>\n<\/p>\n<p><input class=\"wpcf7-form-control wpcf7-submit has-spinner\" type=\"submit\" value=\"Send\" \/>\n<\/p><p style=\"display: none !important;\" class=\"akismet-fields-container\" data-prefix=\"_wpcf7_ak_\"><label>&#916;<textarea name=\"_wpcf7_ak_hp_textarea\" cols=\"45\" rows=\"8\" maxlength=\"100\"><\/textarea><\/label><input type=\"hidden\" id=\"ak_js_1\" name=\"_wpcf7_ak_js\" value=\"201\"\/><script>document.getElementById( \"ak_js_1\" ).setAttribute( \"value\", ( new Date() ).getTime() );<\/script><\/p><div class=\"wpcf7-response-output\" aria-hidden=\"true\"><\/div>\n<\/form>\n<\/div>\n\n<\/div><\/div>\n<\/div>\n<\/div>\n\n\n\n<p><\/p>\n","protected":false},"excerpt":{"rendered":"<p>Saulius \u010cepas Headmaster +370 698 30446saulius@woodmaster.lt Egl\u0117 \u010cepien\u0117 Accountant +370 698 07330info@woodmaster.lt JSC &#8220;WOOD MASTER&#8221; Address:K. Petrausko 26, Kaunas LT &#8211; 44156 Lithuania Tel.:&nbsp;+370 349 79027 Requisites:Company code: 157043965VAT code: LT570439610Bank account number: LT467044060003648798Bank: AB SEB bankBank code: 70440 Get in Touch<\/p>\n","protected":false},"author":1,"featured_media":0,"parent":0,"menu_order":0,"comment_status":"closed","ping_status":"closed","template":"","meta":{"footnotes":""},"class_list":["post-2596","page","type-page","status-publish","hentry"],"yoast_head":"<!-- This site is optimized with the Yoast SEO plugin v27.1.1 - https:\/\/yoast.com\/product\/yoast-seo-wordpress\/ -->\n<title>Contacts - WOOD MASTER<\/title>\n<meta name=\"robots\" content=\"index, follow, max-snippet:-1, max-image-preview:large, max-video-preview:-1\" \/>\n<link rel=\"canonical\" href=\"https:\/\/www.woodmaster.lt\/en\/contacts\/\" \/>\n<meta property=\"og:locale\" content=\"en_US\" \/>\n<meta property=\"og:type\" content=\"article\" \/>\n<meta property=\"og:title\" content=\"Contacts - WOOD MASTER\" \/>\n<meta property=\"og:description\" content=\"Saulius \u010cepas Headmaster +370 698 30446saulius@woodmaster.lt Egl\u0117 \u010cepien\u0117 Accountant +370 698 07330info@woodmaster.lt JSC &#8220;WOOD MASTER&#8221; Address:K. Petrausko 26, Kaunas LT &#8211; 44156 Lithuania Tel.:&nbsp;+370 349 79027 Requisites:Company code: 157043965VAT code: LT570439610Bank account number: LT467044060003648798Bank: AB SEB bankBank code: 70440 Get in Touch\" \/>\n<meta property=\"og:url\" content=\"https:\/\/www.woodmaster.lt\/en\/contacts\/\" \/>\n<meta property=\"og:site_name\" content=\"WOOD MASTER\" \/>\n<meta property=\"article:modified_time\" content=\"2022-02-07T12:32:17+00:00\" \/>\n<meta name=\"twitter:card\" content=\"summary_large_image\" \/>\n<script type=\"application\/ld+json\" class=\"yoast-schema-graph\">{\"@context\":\"https:\/\/schema.org\",\"@graph\":[{\"@type\":\"WebPage\",\"@id\":\"https:\/\/www.woodmaster.lt\/en\/contacts\/\",\"url\":\"https:\/\/www.woodmaster.lt\/en\/contacts\/\",\"name\":\"Contacts - WOOD MASTER\",\"isPartOf\":{\"@id\":\"https:\/\/www.woodmaster.lt\/ru\/#website\"},\"datePublished\":\"2021-11-11T20:12:24+00:00\",\"dateModified\":\"2022-02-07T12:32:17+00:00\",\"breadcrumb\":{\"@id\":\"https:\/\/www.woodmaster.lt\/en\/contacts\/#breadcrumb\"},\"inLanguage\":\"en-US\",\"potentialAction\":[{\"@type\":\"ReadAction\",\"target\":[\"https:\/\/www.woodmaster.lt\/en\/contacts\/\"]}]},{\"@type\":\"BreadcrumbList\",\"@id\":\"https:\/\/www.woodmaster.lt\/en\/contacts\/#breadcrumb\",\"itemListElement\":[{\"@type\":\"ListItem\",\"position\":1,\"name\":\"Home\",\"item\":\"https:\/\/woodmaster.lt\/en\/\"},{\"@type\":\"ListItem\",\"position\":2,\"name\":\"Contacts\"}]},{\"@type\":\"WebSite\",\"@id\":\"https:\/\/www.woodmaster.lt\/ru\/#website\",\"url\":\"https:\/\/www.woodmaster.lt\/ru\/\",\"name\":\"WOOD MASTER\",\"description\":\"Medienos apdirbimo \u012frenginiai\",\"publisher\":{\"@id\":\"https:\/\/www.woodmaster.lt\/ru\/#organization\"},\"potentialAction\":[{\"@type\":\"SearchAction\",\"target\":{\"@type\":\"EntryPoint\",\"urlTemplate\":\"https:\/\/www.woodmaster.lt\/ru\/?s={search_term_string}\"},\"query-input\":{\"@type\":\"PropertyValueSpecification\",\"valueRequired\":true,\"valueName\":\"search_term_string\"}}],\"inLanguage\":\"en-US\"},{\"@type\":\"Organization\",\"@id\":\"https:\/\/www.woodmaster.lt\/ru\/#organization\",\"name\":\"WOOD MASTER\",\"url\":\"https:\/\/www.woodmaster.lt\/ru\/\",\"logo\":{\"@type\":\"ImageObject\",\"inLanguage\":\"en-US\",\"@id\":\"https:\/\/www.woodmaster.lt\/ru\/#\/schema\/logo\/image\/\",\"url\":\"https:\/\/woodmaster.lt\/wp-content\/uploads\/2021\/10\/woodmaster-logo.svg\",\"contentUrl\":\"https:\/\/woodmaster.lt\/wp-content\/uploads\/2021\/10\/woodmaster-logo.svg\",\"width\":1,\"height\":1,\"caption\":\"WOOD MASTER\"},\"image\":{\"@id\":\"https:\/\/www.woodmaster.lt\/ru\/#\/schema\/logo\/image\/\"}}]}<\/script>\n<!-- \/ Yoast SEO plugin. -->","yoast_head_json":{"title":"Contacts - WOOD MASTER","robots":{"index":"index","follow":"follow","max-snippet":"max-snippet:-1","max-image-preview":"max-image-preview:large","max-video-preview":"max-video-preview:-1"},"canonical":"https:\/\/www.woodmaster.lt\/en\/contacts\/","og_locale":"en_US","og_type":"article","og_title":"Contacts - WOOD MASTER","og_description":"Saulius \u010cepas Headmaster +370 698 30446saulius@woodmaster.lt Egl\u0117 \u010cepien\u0117 Accountant +370 698 07330info@woodmaster.lt JSC &#8220;WOOD MASTER&#8221; Address:K. Petrausko 26, Kaunas LT &#8211; 44156 Lithuania Tel.:&nbsp;+370 349 79027 Requisites:Company code: 157043965VAT code: LT570439610Bank account number: LT467044060003648798Bank: AB SEB bankBank code: 70440 Get in Touch","og_url":"https:\/\/www.woodmaster.lt\/en\/contacts\/","og_site_name":"WOOD MASTER","article_modified_time":"2022-02-07T12:32:17+00:00","twitter_card":"summary_large_image","schema":{"@context":"https:\/\/schema.org","@graph":[{"@type":"WebPage","@id":"https:\/\/www.woodmaster.lt\/en\/contacts\/","url":"https:\/\/www.woodmaster.lt\/en\/contacts\/","name":"Contacts - WOOD MASTER","isPartOf":{"@id":"https:\/\/www.woodmaster.lt\/ru\/#website"},"datePublished":"2021-11-11T20:12:24+00:00","dateModified":"2022-02-07T12:32:17+00:00","breadcrumb":{"@id":"https:\/\/www.woodmaster.lt\/en\/contacts\/#breadcrumb"},"inLanguage":"en-US","potentialAction":[{"@type":"ReadAction","target":["https:\/\/www.woodmaster.lt\/en\/contacts\/"]}]},{"@type":"BreadcrumbList","@id":"https:\/\/www.woodmaster.lt\/en\/contacts\/#breadcrumb","itemListElement":[{"@type":"ListItem","position":1,"name":"Home","item":"https:\/\/woodmaster.lt\/en\/"},{"@type":"ListItem","position":2,"name":"Contacts"}]},{"@type":"WebSite","@id":"https:\/\/www.woodmaster.lt\/ru\/#website","url":"https:\/\/www.woodmaster.lt\/ru\/","name":"WOOD MASTER","description":"Medienos apdirbimo \u012frenginiai","publisher":{"@id":"https:\/\/www.woodmaster.lt\/ru\/#organization"},"potentialAction":[{"@type":"SearchAction","target":{"@type":"EntryPoint","urlTemplate":"https:\/\/www.woodmaster.lt\/ru\/?s={search_term_string}"},"query-input":{"@type":"PropertyValueSpecification","valueRequired":true,"valueName":"search_term_string"}}],"inLanguage":"en-US"},{"@type":"Organization","@id":"https:\/\/www.woodmaster.lt\/ru\/#organization","name":"WOOD MASTER","url":"https:\/\/www.woodmaster.lt\/ru\/","logo":{"@type":"ImageObject","inLanguage":"en-US","@id":"https:\/\/www.woodmaster.lt\/ru\/#\/schema\/logo\/image\/","url":"https:\/\/woodmaster.lt\/wp-content\/uploads\/2021\/10\/woodmaster-logo.svg","contentUrl":"https:\/\/woodmaster.lt\/wp-content\/uploads\/2021\/10\/woodmaster-logo.svg","width":1,"height":1,"caption":"WOOD MASTER"},"image":{"@id":"https:\/\/www.woodmaster.lt\/ru\/#\/schema\/logo\/image\/"}}]}},"_links":{"self":[{"href":"https:\/\/woodmaster.lt\/en\/wp-json\/wp\/v2\/pages\/2596","targetHints":{"allow":["GET"]}}],"collection":[{"href":"https:\/\/woodmaster.lt\/en\/wp-json\/wp\/v2\/pages"}],"about":[{"href":"https:\/\/woodmaster.lt\/en\/wp-json\/wp\/v2\/types\/page"}],"author":[{"embeddable":true,"href":"https:\/\/woodmaster.lt\/en\/wp-json\/wp\/v2\/users\/1"}],"replies":[{"embeddable":true,"href":"https:\/\/woodmaster.lt\/en\/wp-json\/wp\/v2\/comments?post=2596"}],"version-history":[{"count":0,"href":"https:\/\/woodmaster.lt\/en\/wp-json\/wp\/v2\/pages\/2596\/revisions"}],"wp:attachment":[{"href":"https:\/\/woodmaster.lt\/en\/wp-json\/wp\/v2\/media?parent=2596"}],"curies":[{"name":"wp","href":"https:\/\/api.w.org\/{rel}","templated":true}]}}