{"id":2496,"date":"2021-10-31T23:39:50","date_gmt":"2021-10-31T20:39:50","guid":{"rendered":"http:\/\/woodmaster.lt\/machine\/daugiapjukles-stakles-paul-sk-vario\/"},"modified":"2021-10-31T23:39:50","modified_gmt":"2021-10-31T20:39:50","slug":"daugiapjukles-stakles-paul-sk-vario","status":"publish","type":"product","link":"https:\/\/woodmaster.lt\/en\/machine\/daugiapjukles-stakles-paul-sk-vario\/","title":{"rendered":"Daugiapj\u016bkl\u0117s stakl\u0117s Paul SK-VARIO"},"content":{"rendered":"<p><b>The SK-VARIO<\/b> is perfectly suited for the production of small batch sizes. With its maximum opening height of 100 mm and a maximum opening width of 3000 mm the SK-VARIO is, for example, used in LVL factories. Each saw blade is driven by its own motor and can be positioned as required within seconds via the CNC control. To ensure minimal strip widths and flexible edge hogging, the saw heads are arranged in two lines one after the other.<br \/>\n<a href=\"http:\/\/woodmaster.lt\/wp-content\/uploads\/2020\/10\/Paul-SK-Vario-Tech.pdf\">Paul SK Vario Tech<\/a><\/p>\n","protected":false},"excerpt":{"rendered":"<p>Variable Multirip Circular Saw SK-VARIO &#8211; max. workpiece thickness 100 mm, max. opening width 3000 mm.<\/p>\n","protected":false},"featured_media":1863,"template":"","meta":[],"product_cat":[255,251],"class_list":["post-2496","product","type-product","status-publish","has-post-thumbnail","hentry","condition-new","product_cat-multirip-saw","product_cat-saws-cutting-machines","catalog-visibility-visible"],"yoast_head":"<!-- This site is optimized with the Yoast SEO plugin v27.1.1 - https:\/\/yoast.com\/product\/yoast-seo-wordpress\/ -->\n<title>Daugiapj\u016bkl\u0117s stakl\u0117s Paul SK-VARIO - WOOD MASTER<\/title>\n<meta name=\"robots\" content=\"index, follow, max-snippet:-1, max-image-preview:large, max-video-preview:-1\" \/>\n<link rel=\"canonical\" href=\"https:\/\/www.woodmaster.lt\/en\/machine\/daugiapjukles-stakles-paul-sk-vario\/\" \/>\n<meta property=\"og:locale\" content=\"en_US\" \/>\n<meta property=\"og:type\" content=\"article\" \/>\n<meta property=\"og:title\" content=\"Daugiapj\u016bkl\u0117s stakl\u0117s Paul SK-VARIO - WOOD MASTER\" \/>\n<meta property=\"og:description\" content=\"Variable Multirip Circular Saw SK-VARIO - max. workpiece thickness 100 mm, max. opening width 3000 mm.\" \/>\n<meta property=\"og:url\" content=\"https:\/\/www.woodmaster.lt\/en\/machine\/daugiapjukles-stakles-paul-sk-vario\/\" \/>\n<meta property=\"og:site_name\" content=\"WOOD MASTER\" \/>\n<meta property=\"og:image\" content=\"https:\/\/www.woodmaster.lt\/wp-content\/uploads\/2021\/10\/Paul_SK-VARIO.jpg\" \/>\n\t<meta property=\"og:image:width\" content=\"800\" \/>\n\t<meta property=\"og:image:height\" content=\"558\" \/>\n\t<meta property=\"og:image:type\" content=\"image\/jpeg\" \/>\n<meta name=\"twitter:card\" content=\"summary_large_image\" \/>\n<script type=\"application\/ld+json\" class=\"yoast-schema-graph\">{\"@context\":\"https:\/\/schema.org\",\"@graph\":[{\"@type\":\"WebPage\",\"@id\":\"https:\/\/www.woodmaster.lt\/en\/machine\/daugiapjukles-stakles-paul-sk-vario\/\",\"url\":\"https:\/\/www.woodmaster.lt\/en\/machine\/daugiapjukles-stakles-paul-sk-vario\/\",\"name\":\"Daugiapj\u016bkl\u0117s stakl\u0117s Paul SK-VARIO - WOOD MASTER\",\"isPartOf\":{\"@id\":\"https:\/\/www.woodmaster.lt\/ru\/#website\"},\"primaryImageOfPage\":{\"@id\":\"https:\/\/www.woodmaster.lt\/en\/machine\/daugiapjukles-stakles-paul-sk-vario\/#primaryimage\"},\"image\":{\"@id\":\"https:\/\/www.woodmaster.lt\/en\/machine\/daugiapjukles-stakles-paul-sk-vario\/#primaryimage\"},\"thumbnailUrl\":\"https:\/\/woodmaster.lt\/wp-content\/uploads\/2021\/10\/Paul_SK-VARIO.jpg\",\"datePublished\":\"2021-10-31T20:39:50+00:00\",\"breadcrumb\":{\"@id\":\"https:\/\/www.woodmaster.lt\/en\/machine\/daugiapjukles-stakles-paul-sk-vario\/#breadcrumb\"},\"inLanguage\":\"en-US\",\"potentialAction\":[{\"@type\":\"ReadAction\",\"target\":[\"https:\/\/www.woodmaster.lt\/en\/machine\/daugiapjukles-stakles-paul-sk-vario\/\"]}]},{\"@type\":\"ImageObject\",\"inLanguage\":\"en-US\",\"@id\":\"https:\/\/www.woodmaster.lt\/en\/machine\/daugiapjukles-stakles-paul-sk-vario\/#primaryimage\",\"url\":\"https:\/\/woodmaster.lt\/wp-content\/uploads\/2021\/10\/Paul_SK-VARIO.jpg\",\"contentUrl\":\"https:\/\/woodmaster.lt\/wp-content\/uploads\/2021\/10\/Paul_SK-VARIO.jpg\",\"width\":800,\"height\":558},{\"@type\":\"BreadcrumbList\",\"@id\":\"https:\/\/www.woodmaster.lt\/en\/machine\/daugiapjukles-stakles-paul-sk-vario\/#breadcrumb\",\"itemListElement\":[{\"@type\":\"ListItem\",\"position\":1,\"name\":\"Home\",\"item\":\"https:\/\/woodmaster.lt\/en\/\"},{\"@type\":\"ListItem\",\"position\":2,\"name\":\"Machines\",\"item\":\"https:\/\/www.woodmaster.lt\/en\/machines\/\"},{\"@type\":\"ListItem\",\"position\":3,\"name\":\"Daugiapj\u016bkl\u0117s stakl\u0117s Paul SK-VARIO\"}]},{\"@type\":\"WebSite\",\"@id\":\"https:\/\/www.woodmaster.lt\/ru\/#website\",\"url\":\"https:\/\/www.woodmaster.lt\/ru\/\",\"name\":\"WOOD MASTER\",\"description\":\"Medienos apdirbimo \u012frenginiai\",\"publisher\":{\"@id\":\"https:\/\/www.woodmaster.lt\/ru\/#organization\"},\"potentialAction\":[{\"@type\":\"SearchAction\",\"target\":{\"@type\":\"EntryPoint\",\"urlTemplate\":\"https:\/\/www.woodmaster.lt\/ru\/?s={search_term_string}\"},\"query-input\":{\"@type\":\"PropertyValueSpecification\",\"valueRequired\":true,\"valueName\":\"search_term_string\"}}],\"inLanguage\":\"en-US\"},{\"@type\":\"Organization\",\"@id\":\"https:\/\/www.woodmaster.lt\/ru\/#organization\",\"name\":\"WOOD MASTER\",\"url\":\"https:\/\/www.woodmaster.lt\/ru\/\",\"logo\":{\"@type\":\"ImageObject\",\"inLanguage\":\"en-US\",\"@id\":\"https:\/\/www.woodmaster.lt\/ru\/#\/schema\/logo\/image\/\",\"url\":\"https:\/\/woodmaster.lt\/wp-content\/uploads\/2021\/10\/woodmaster-logo.svg\",\"contentUrl\":\"https:\/\/woodmaster.lt\/wp-content\/uploads\/2021\/10\/woodmaster-logo.svg\",\"width\":1,\"height\":1,\"caption\":\"WOOD MASTER\"},\"image\":{\"@id\":\"https:\/\/www.woodmaster.lt\/ru\/#\/schema\/logo\/image\/\"}}]}<\/script>\n<!-- \/ Yoast SEO plugin. -->","yoast_head_json":{"title":"Daugiapj\u016bkl\u0117s stakl\u0117s Paul SK-VARIO - WOOD MASTER","robots":{"index":"index","follow":"follow","max-snippet":"max-snippet:-1","max-image-preview":"max-image-preview:large","max-video-preview":"max-video-preview:-1"},"canonical":"https:\/\/www.woodmaster.lt\/en\/machine\/daugiapjukles-stakles-paul-sk-vario\/","og_locale":"en_US","og_type":"article","og_title":"Daugiapj\u016bkl\u0117s stakl\u0117s Paul SK-VARIO - WOOD MASTER","og_description":"Variable Multirip Circular Saw SK-VARIO - max. workpiece thickness 100 mm, max. opening width 3000 mm.","og_url":"https:\/\/www.woodmaster.lt\/en\/machine\/daugiapjukles-stakles-paul-sk-vario\/","og_site_name":"WOOD MASTER","og_image":[{"width":800,"height":558,"url":"https:\/\/www.woodmaster.lt\/wp-content\/uploads\/2021\/10\/Paul_SK-VARIO.jpg","type":"image\/jpeg"}],"twitter_card":"summary_large_image","schema":{"@context":"https:\/\/schema.org","@graph":[{"@type":"WebPage","@id":"https:\/\/www.woodmaster.lt\/en\/machine\/daugiapjukles-stakles-paul-sk-vario\/","url":"https:\/\/www.woodmaster.lt\/en\/machine\/daugiapjukles-stakles-paul-sk-vario\/","name":"Daugiapj\u016bkl\u0117s stakl\u0117s Paul SK-VARIO - WOOD MASTER","isPartOf":{"@id":"https:\/\/www.woodmaster.lt\/ru\/#website"},"primaryImageOfPage":{"@id":"https:\/\/www.woodmaster.lt\/en\/machine\/daugiapjukles-stakles-paul-sk-vario\/#primaryimage"},"image":{"@id":"https:\/\/www.woodmaster.lt\/en\/machine\/daugiapjukles-stakles-paul-sk-vario\/#primaryimage"},"thumbnailUrl":"https:\/\/woodmaster.lt\/wp-content\/uploads\/2021\/10\/Paul_SK-VARIO.jpg","datePublished":"2021-10-31T20:39:50+00:00","breadcrumb":{"@id":"https:\/\/www.woodmaster.lt\/en\/machine\/daugiapjukles-stakles-paul-sk-vario\/#breadcrumb"},"inLanguage":"en-US","potentialAction":[{"@type":"ReadAction","target":["https:\/\/www.woodmaster.lt\/en\/machine\/daugiapjukles-stakles-paul-sk-vario\/"]}]},{"@type":"ImageObject","inLanguage":"en-US","@id":"https:\/\/www.woodmaster.lt\/en\/machine\/daugiapjukles-stakles-paul-sk-vario\/#primaryimage","url":"https:\/\/woodmaster.lt\/wp-content\/uploads\/2021\/10\/Paul_SK-VARIO.jpg","contentUrl":"https:\/\/woodmaster.lt\/wp-content\/uploads\/2021\/10\/Paul_SK-VARIO.jpg","width":800,"height":558},{"@type":"BreadcrumbList","@id":"https:\/\/www.woodmaster.lt\/en\/machine\/daugiapjukles-stakles-paul-sk-vario\/#breadcrumb","itemListElement":[{"@type":"ListItem","position":1,"name":"Home","item":"https:\/\/woodmaster.lt\/en\/"},{"@type":"ListItem","position":2,"name":"Machines","item":"https:\/\/www.woodmaster.lt\/en\/machines\/"},{"@type":"ListItem","position":3,"name":"Daugiapj\u016bkl\u0117s stakl\u0117s Paul SK-VARIO"}]},{"@type":"WebSite","@id":"https:\/\/www.woodmaster.lt\/ru\/#website","url":"https:\/\/www.woodmaster.lt\/ru\/","name":"WOOD MASTER","description":"Medienos apdirbimo \u012frenginiai","publisher":{"@id":"https:\/\/www.woodmaster.lt\/ru\/#organization"},"potentialAction":[{"@type":"SearchAction","target":{"@type":"EntryPoint","urlTemplate":"https:\/\/www.woodmaster.lt\/ru\/?s={search_term_string}"},"query-input":{"@type":"PropertyValueSpecification","valueRequired":true,"valueName":"search_term_string"}}],"inLanguage":"en-US"},{"@type":"Organization","@id":"https:\/\/www.woodmaster.lt\/ru\/#organization","name":"WOOD MASTER","url":"https:\/\/www.woodmaster.lt\/ru\/","logo":{"@type":"ImageObject","inLanguage":"en-US","@id":"https:\/\/www.woodmaster.lt\/ru\/#\/schema\/logo\/image\/","url":"https:\/\/woodmaster.lt\/wp-content\/uploads\/2021\/10\/woodmaster-logo.svg","contentUrl":"https:\/\/woodmaster.lt\/wp-content\/uploads\/2021\/10\/woodmaster-logo.svg","width":1,"height":1,"caption":"WOOD MASTER"},"image":{"@id":"https:\/\/www.woodmaster.lt\/ru\/#\/schema\/logo\/image\/"}}]}},"_links":{"self":[{"href":"https:\/\/woodmaster.lt\/en\/wp-json\/wp\/v2\/product\/2496","targetHints":{"allow":["GET"]}}],"collection":[{"href":"https:\/\/woodmaster.lt\/en\/wp-json\/wp\/v2\/product"}],"about":[{"href":"https:\/\/woodmaster.lt\/en\/wp-json\/wp\/v2\/types\/product"}],"wp:featuredmedia":[{"embeddable":true,"href":"https:\/\/woodmaster.lt\/en\/wp-json\/wp\/v2\/media\/1863"}],"wp:attachment":[{"href":"https:\/\/woodmaster.lt\/en\/wp-json\/wp\/v2\/media?parent=2496"}],"wp:term":[{"taxonomy":"product_cat","embeddable":true,"href":"https:\/\/woodmaster.lt\/en\/wp-json\/wp\/v2\/product_cat?post=2496"}],"curies":[{"name":"wp","href":"https:\/\/api.w.org\/{rel}","templated":true}]}}