{"id":2602,"date":"2021-11-11T23:15:04","date_gmt":"2021-11-11T20:15:04","guid":{"rendered":"http:\/\/woodmaster.lt\/?page_id=2602"},"modified":"2022-02-07T15:34:55","modified_gmt":"2022-02-07T12:34:55","slug":"kontakti","status":"publish","type":"page","link":"https:\/\/woodmaster.lt\/ru\/kontakti\/","title":{"rendered":"\u041a\u043e\u043d\u0442\u0430\u043a\u0442\u044b"},"content":{"rendered":"\n<div class=\"wp-block-columns is-layout-flex wp-container-core-columns-is-layout-9d6595d7 wp-block-columns-is-layout-flex\">\n<div class=\"wp-block-column is-layout-flow wp-block-column-is-layout-flow\" style=\"flex-basis:50%\">\n<div class=\"wp-block-columns is-layout-flex wp-container-core-columns-is-layout-9d6595d7 wp-block-columns-is-layout-flex\">\n<div class=\"wp-block-column is-layout-flow wp-block-column-is-layout-flow\">\n<div class=\"wp-block-group contact\"><div class=\"wp-block-group__inner-container is-layout-flow wp-block-group-is-layout-flow\">\n<h3 class=\"has-blue-color has-text-color wp-block-heading\" id=\"saulius-cepas\">Saulius \u010cepas<\/h3>\n\n\n\n<p class=\"has-light-color has-text-color has-small-font-size\">\u0414\u0438\u0440\u0435\u043a\u0442\u043e\u0440<\/p>\n\n\n\n<p><a href=\"tel:+370 698 30446\">+370 698 30446<\/a><br><a href=\"mailto:saulius@woodmaster.lt\">saulius@woodmaster.lt<\/a><\/p>\n<\/div><\/div>\n<\/div>\n\n\n\n<div class=\"wp-block-column is-layout-flow wp-block-column-is-layout-flow\">\n<div class=\"wp-block-group contact\"><div class=\"wp-block-group__inner-container is-layout-flow wp-block-group-is-layout-flow\">\n<h3 class=\"has-blue-color has-text-color wp-block-heading\" id=\"egle-cepiene\">Egl\u0117 \u010cepien\u0117<\/h3>\n\n\n\n<p class=\"has-light-color has-text-color has-small-font-size\">\u0411\u0443x\u0433\u0430\u043b\u0442\u0435\u0440<\/p>\n\n\n\n<p><a href=\"tel:+370 698 07330\">+370 698 07330<\/a><br><a href=\"mailto:info@woodmaster.lt\">info@woodmaster.lt<\/a><\/p>\n<\/div><\/div>\n<\/div>\n<\/div>\n\n\n\n<h3 class=\"wp-block-heading\" id=\"j\u0437\u0430\u043e-wood-master\">J<strong>\u0417\u0410\u041e \u00abWOOD MASTER\u00bb<\/strong><\/h3>\n\n\n\n<p><strong><strong>\u0410\u0434\u0440\u0435\u0441<\/strong>:<\/strong><br>\u041a. \u041f\u0435\u0442\u0440\u0430\u0443\u0441\u043a\u043e 26, \u041a\u0430\u0443\u043d\u0430\u0441<br>LT-44156 \u041b\u0438\u0442\u0432\u0430<\/p>\n\n\n\n<p><strong><strong>\u0422\u0435\u043b\u0435\u0444\u043e\u043d<\/strong>:<\/strong>&nbsp;<a href=\"tel:+37034979027\">+370 349 79027<\/a><\/p>\n\n\n\n<p><strong><strong><strong>\u0412\u044b\u0445\u043e\u0434\u043d\u044b\u0435 \u0434\u0430\u043d\u043d\u044b\u0435:<\/strong><\/strong><\/strong><br>\u0417\u0410\u041e \u043d\u043e\u043c\u0435\u0440: 157043965<br>\u0418\u041d\u041d \u043d\u043e\u043c\u0435\u0440: LT570439610<br>\u041d\u043e\u043c\u0435\u0440 \u0421\u0447\u0435\u0442\u0430: LT467044060003648798<br>\u0411\u0430\u043d\u043a: AB SEB bankas<br>\u041a\u043e\u0434 \u0431\u0430\u043d\u043a\u0430: 70440<\/p>\n\n\n\n<div style=\"height:24px\" aria-hidden=\"true\" class=\"wp-block-spacer\"><\/div>\n<\/div>\n\n\n\n<div class=\"wp-block-column is-layout-flow wp-block-column-is-layout-flow\" style=\"flex-basis:41.666%\">\n<div class=\"wp-block-group contact-form-block\"><div class=\"wp-block-group__inner-container is-layout-flow wp-block-group-is-layout-flow\">\n<h2 class=\"wp-block-heading\" id=\"\u0441\u0432\u044f\u0437\u0430\u0442\u044c\u0441\u044f-\u0441-\u043d\u0430\u043c\u0438\">\u0421\u0432\u044f\u0437\u0430\u0442\u044c\u0441\u044f \u0441 \u043d\u0430\u043c\u0438<\/h2>\n\n\n\n<div class=\"wpcf7 no-js\" id=\"wpcf7-f2594-o1\" lang=\"lt-LT\" dir=\"ltr\" data-wpcf7-id=\"2594\">\n<div class=\"screen-reader-response\"><p role=\"status\" aria-live=\"polite\" aria-atomic=\"true\"><\/p> <ul><\/ul><\/div>\n<form action=\"\/ru\/wp-json\/wp\/v2\/pages\/2602#wpcf7-f2594-o1\" method=\"post\" class=\"wpcf7-form init\" aria-label=\"Contact form\" novalidate=\"novalidate\" data-status=\"init\">\n<fieldset class=\"hidden-fields-container\"><input type=\"hidden\" name=\"_wpcf7\" value=\"2594\" \/><input type=\"hidden\" name=\"_wpcf7_version\" value=\"6.1.5\" \/><input type=\"hidden\" name=\"_wpcf7_locale\" value=\"lt_LT\" \/><input type=\"hidden\" name=\"_wpcf7_unit_tag\" value=\"wpcf7-f2594-o1\" \/><input type=\"hidden\" name=\"_wpcf7_container_post\" value=\"0\" \/><input type=\"hidden\" name=\"_wpcf7_posted_data_hash\" value=\"\" \/><input type=\"hidden\" name=\"_wpcf7_recaptcha_response\" value=\"\" \/>\n<\/fieldset>\n<p><label> \u0412\u0430\u0448\u0435 \u0438\u043c\u044f (\u043e\u0431\u044f\u0437\u0430\u0442\u0435\u043b\u044c\u043d\u043e)<br \/>\n<span class=\"wpcf7-form-control-wrap\" data-name=\"your-name\"><input size=\"40\" maxlength=\"400\" class=\"wpcf7-form-control wpcf7-text wpcf7-validates-as-required\" aria-required=\"true\" aria-invalid=\"false\" value=\"\" type=\"text\" name=\"your-name\" \/><\/span> <\/label>\n<\/p>\n<p><label> \u0412\u0430\u0448 e-mail (\u043e\u0431\u044f\u0437\u0430\u0442\u0435\u043b\u044c\u043d\u043e)<br \/>\n<span class=\"wpcf7-form-control-wrap\" data-name=\"your-email\"><input size=\"40\" maxlength=\"400\" class=\"wpcf7-form-control wpcf7-email wpcf7-validates-as-required wpcf7-text wpcf7-validates-as-email\" aria-required=\"true\" aria-invalid=\"false\" value=\"\" type=\"email\" name=\"your-email\" \/><\/span> <\/label>\n<\/p>\n<p><label> \u0422\u0435\u043b\u0435\u0444\u043e\u043d (\u043e\u0431\u044f\u0437\u0430\u0442\u0435\u043b\u044c\u043d\u043e)<br \/>\n<span class=\"wpcf7-form-control-wrap\" data-name=\"your-tel\"><input size=\"40\" maxlength=\"400\" class=\"wpcf7-form-control wpcf7-tel wpcf7-validates-as-required wpcf7-text wpcf7-validates-as-tel\" aria-required=\"true\" aria-invalid=\"false\" value=\"\" type=\"tel\" name=\"your-tel\" \/><\/span> <\/label>\n<\/p>\n<p><label> \u0421\u043e\u043e\u0431\u0449\u0435\u043d\u0438\u0435<br \/>\n<span class=\"wpcf7-form-control-wrap\" data-name=\"your-message\"><textarea cols=\"40\" rows=\"10\" maxlength=\"2000\" class=\"wpcf7-form-control wpcf7-textarea\" aria-invalid=\"false\" name=\"your-message\"><\/textarea><\/span> <\/label>\n<\/p>\n<p><input class=\"wpcf7-form-control wpcf7-submit has-spinner\" type=\"submit\" value=\"\u041e\u0442\u043f\u0440\u0430\u0432\u0438\u0442\u044c\" \/>\n<\/p><p style=\"display: none !important;\" class=\"akismet-fields-container\" data-prefix=\"_wpcf7_ak_\"><label>&#916;<textarea name=\"_wpcf7_ak_hp_textarea\" cols=\"45\" rows=\"8\" maxlength=\"100\"><\/textarea><\/label><input type=\"hidden\" id=\"ak_js_1\" name=\"_wpcf7_ak_js\" value=\"4\"\/><script>document.getElementById( \"ak_js_1\" ).setAttribute( \"value\", ( new Date() ).getTime() );<\/script><\/p><div class=\"wpcf7-response-output\" aria-hidden=\"true\"><\/div>\n<\/form>\n<\/div>\n\n<\/div><\/div>\n<\/div>\n<\/div>\n\n\n\n<p><\/p>\n","protected":false},"excerpt":{"rendered":"<p>Saulius \u010cepas \u0414\u0438\u0440\u0435\u043a\u0442\u043e\u0440 +370 698 30446saulius@woodmaster.lt Egl\u0117 \u010cepien\u0117 \u0411\u0443x\u0433\u0430\u043b\u0442\u0435\u0440 +370 698 07330info@woodmaster.lt J\u0417\u0410\u041e \u00abWOOD MASTER\u00bb \u0410\u0434\u0440\u0435\u0441:\u041a. \u041f\u0435\u0442\u0440\u0430\u0443\u0441\u043a\u043e 26, \u041a\u0430\u0443\u043d\u0430\u0441LT-44156 \u041b\u0438\u0442\u0432\u0430 \u0422\u0435\u043b\u0435\u0444\u043e\u043d:&nbsp;+370 349 79027 \u0412\u044b\u0445\u043e\u0434\u043d\u044b\u0435 \u0434\u0430\u043d\u043d\u044b\u0435:\u0417\u0410\u041e \u043d\u043e\u043c\u0435\u0440: 157043965\u0418\u041d\u041d \u043d\u043e\u043c\u0435\u0440: LT570439610\u041d\u043e\u043c\u0435\u0440 \u0421\u0447\u0435\u0442\u0430: LT467044060003648798\u0411\u0430\u043d\u043a: AB SEB bankas\u041a\u043e\u0434 \u0431\u0430\u043d\u043a\u0430: 70440 \u0421\u0432\u044f\u0437\u0430\u0442\u044c\u0441\u044f \u0441 \u043d\u0430\u043c\u0438<\/p>\n","protected":false},"author":1,"featured_media":0,"parent":0,"menu_order":0,"comment_status":"closed","ping_status":"closed","template":"","meta":{"footnotes":""},"class_list":["post-2602","page","type-page","status-publish","hentry"],"yoast_head":"<!-- This site is optimized with the Yoast SEO plugin v27.1.1 - https:\/\/yoast.com\/product\/yoast-seo-wordpress\/ -->\n<title>\u041a\u043e\u043d\u0442\u0430\u043a\u0442\u044b - WOOD MASTER<\/title>\n<meta name=\"robots\" content=\"index, follow, max-snippet:-1, max-image-preview:large, max-video-preview:-1\" \/>\n<link rel=\"canonical\" href=\"https:\/\/www.woodmaster.lt\/ru\/kontakti\/\" \/>\n<meta property=\"og:locale\" content=\"ru_RU\" \/>\n<meta property=\"og:type\" content=\"article\" \/>\n<meta property=\"og:title\" content=\"\u041a\u043e\u043d\u0442\u0430\u043a\u0442\u044b - WOOD MASTER\" \/>\n<meta property=\"og:description\" content=\"Saulius \u010cepas \u0414\u0438\u0440\u0435\u043a\u0442\u043e\u0440 +370 698 30446saulius@woodmaster.lt Egl\u0117 \u010cepien\u0117 \u0411\u0443x\u0433\u0430\u043b\u0442\u0435\u0440 +370 698 07330info@woodmaster.lt J\u0417\u0410\u041e \u00abWOOD MASTER\u00bb \u0410\u0434\u0440\u0435\u0441:\u041a. \u041f\u0435\u0442\u0440\u0430\u0443\u0441\u043a\u043e 26, \u041a\u0430\u0443\u043d\u0430\u0441LT-44156 \u041b\u0438\u0442\u0432\u0430 \u0422\u0435\u043b\u0435\u0444\u043e\u043d:&nbsp;+370 349 79027 \u0412\u044b\u0445\u043e\u0434\u043d\u044b\u0435 \u0434\u0430\u043d\u043d\u044b\u0435:\u0417\u0410\u041e \u043d\u043e\u043c\u0435\u0440: 157043965\u0418\u041d\u041d \u043d\u043e\u043c\u0435\u0440: LT570439610\u041d\u043e\u043c\u0435\u0440 \u0421\u0447\u0435\u0442\u0430: LT467044060003648798\u0411\u0430\u043d\u043a: AB SEB bankas\u041a\u043e\u0434 \u0431\u0430\u043d\u043a\u0430: 70440 \u0421\u0432\u044f\u0437\u0430\u0442\u044c\u0441\u044f \u0441 \u043d\u0430\u043c\u0438\" \/>\n<meta property=\"og:url\" content=\"https:\/\/www.woodmaster.lt\/ru\/kontakti\/\" \/>\n<meta property=\"og:site_name\" content=\"WOOD MASTER\" \/>\n<meta property=\"article:modified_time\" content=\"2022-02-07T12:34:55+00:00\" \/>\n<meta name=\"twitter:card\" content=\"summary_large_image\" \/>\n<script type=\"application\/ld+json\" class=\"yoast-schema-graph\">{\"@context\":\"https:\/\/schema.org\",\"@graph\":[{\"@type\":\"WebPage\",\"@id\":\"https:\/\/www.woodmaster.lt\/ru\/kontakti\/\",\"url\":\"https:\/\/www.woodmaster.lt\/ru\/kontakti\/\",\"name\":\"\u041a\u043e\u043d\u0442\u0430\u043a\u0442\u044b - WOOD MASTER\",\"isPartOf\":{\"@id\":\"https:\/\/www.woodmaster.lt\/ru\/#website\"},\"datePublished\":\"2021-11-11T20:15:04+00:00\",\"dateModified\":\"2022-02-07T12:34:55+00:00\",\"breadcrumb\":{\"@id\":\"https:\/\/www.woodmaster.lt\/ru\/kontakti\/#breadcrumb\"},\"inLanguage\":\"ru-RU\",\"potentialAction\":[{\"@type\":\"ReadAction\",\"target\":[\"https:\/\/www.woodmaster.lt\/ru\/kontakti\/\"]}]},{\"@type\":\"BreadcrumbList\",\"@id\":\"https:\/\/www.woodmaster.lt\/ru\/kontakti\/#breadcrumb\",\"itemListElement\":[{\"@type\":\"ListItem\",\"position\":1,\"name\":\"Home\",\"item\":\"https:\/\/www.woodmaster.lt\/ru\/\"},{\"@type\":\"ListItem\",\"position\":2,\"name\":\"\u041a\u043e\u043d\u0442\u0430\u043a\u0442\u044b\"}]},{\"@type\":\"WebSite\",\"@id\":\"https:\/\/www.woodmaster.lt\/ru\/#website\",\"url\":\"https:\/\/www.woodmaster.lt\/ru\/\",\"name\":\"WOOD MASTER\",\"description\":\"Medienos apdirbimo \u012frenginiai\",\"publisher\":{\"@id\":\"https:\/\/www.woodmaster.lt\/ru\/#organization\"},\"potentialAction\":[{\"@type\":\"SearchAction\",\"target\":{\"@type\":\"EntryPoint\",\"urlTemplate\":\"https:\/\/www.woodmaster.lt\/ru\/?s={search_term_string}\"},\"query-input\":{\"@type\":\"PropertyValueSpecification\",\"valueRequired\":true,\"valueName\":\"search_term_string\"}}],\"inLanguage\":\"ru-RU\"},{\"@type\":\"Organization\",\"@id\":\"https:\/\/www.woodmaster.lt\/ru\/#organization\",\"name\":\"WOOD MASTER\",\"url\":\"https:\/\/www.woodmaster.lt\/ru\/\",\"logo\":{\"@type\":\"ImageObject\",\"inLanguage\":\"ru-RU\",\"@id\":\"https:\/\/www.woodmaster.lt\/ru\/#\/schema\/logo\/image\/\",\"url\":\"https:\/\/woodmaster.lt\/wp-content\/uploads\/2021\/10\/woodmaster-logo.svg\",\"contentUrl\":\"https:\/\/woodmaster.lt\/wp-content\/uploads\/2021\/10\/woodmaster-logo.svg\",\"width\":1,\"height\":1,\"caption\":\"WOOD MASTER\"},\"image\":{\"@id\":\"https:\/\/www.woodmaster.lt\/ru\/#\/schema\/logo\/image\/\"}}]}<\/script>\n<!-- \/ Yoast SEO plugin. -->","yoast_head_json":{"title":"\u041a\u043e\u043d\u0442\u0430\u043a\u0442\u044b - WOOD MASTER","robots":{"index":"index","follow":"follow","max-snippet":"max-snippet:-1","max-image-preview":"max-image-preview:large","max-video-preview":"max-video-preview:-1"},"canonical":"https:\/\/www.woodmaster.lt\/ru\/kontakti\/","og_locale":"ru_RU","og_type":"article","og_title":"\u041a\u043e\u043d\u0442\u0430\u043a\u0442\u044b - WOOD MASTER","og_description":"Saulius \u010cepas \u0414\u0438\u0440\u0435\u043a\u0442\u043e\u0440 +370 698 30446saulius@woodmaster.lt Egl\u0117 \u010cepien\u0117 \u0411\u0443x\u0433\u0430\u043b\u0442\u0435\u0440 +370 698 07330info@woodmaster.lt J\u0417\u0410\u041e \u00abWOOD MASTER\u00bb \u0410\u0434\u0440\u0435\u0441:\u041a. \u041f\u0435\u0442\u0440\u0430\u0443\u0441\u043a\u043e 26, \u041a\u0430\u0443\u043d\u0430\u0441LT-44156 \u041b\u0438\u0442\u0432\u0430 \u0422\u0435\u043b\u0435\u0444\u043e\u043d:&nbsp;+370 349 79027 \u0412\u044b\u0445\u043e\u0434\u043d\u044b\u0435 \u0434\u0430\u043d\u043d\u044b\u0435:\u0417\u0410\u041e \u043d\u043e\u043c\u0435\u0440: 157043965\u0418\u041d\u041d \u043d\u043e\u043c\u0435\u0440: LT570439610\u041d\u043e\u043c\u0435\u0440 \u0421\u0447\u0435\u0442\u0430: LT467044060003648798\u0411\u0430\u043d\u043a: AB SEB bankas\u041a\u043e\u0434 \u0431\u0430\u043d\u043a\u0430: 70440 \u0421\u0432\u044f\u0437\u0430\u0442\u044c\u0441\u044f \u0441 \u043d\u0430\u043c\u0438","og_url":"https:\/\/www.woodmaster.lt\/ru\/kontakti\/","og_site_name":"WOOD MASTER","article_modified_time":"2022-02-07T12:34:55+00:00","twitter_card":"summary_large_image","schema":{"@context":"https:\/\/schema.org","@graph":[{"@type":"WebPage","@id":"https:\/\/www.woodmaster.lt\/ru\/kontakti\/","url":"https:\/\/www.woodmaster.lt\/ru\/kontakti\/","name":"\u041a\u043e\u043d\u0442\u0430\u043a\u0442\u044b - WOOD MASTER","isPartOf":{"@id":"https:\/\/www.woodmaster.lt\/ru\/#website"},"datePublished":"2021-11-11T20:15:04+00:00","dateModified":"2022-02-07T12:34:55+00:00","breadcrumb":{"@id":"https:\/\/www.woodmaster.lt\/ru\/kontakti\/#breadcrumb"},"inLanguage":"ru-RU","potentialAction":[{"@type":"ReadAction","target":["https:\/\/www.woodmaster.lt\/ru\/kontakti\/"]}]},{"@type":"BreadcrumbList","@id":"https:\/\/www.woodmaster.lt\/ru\/kontakti\/#breadcrumb","itemListElement":[{"@type":"ListItem","position":1,"name":"Home","item":"https:\/\/www.woodmaster.lt\/ru\/"},{"@type":"ListItem","position":2,"name":"\u041a\u043e\u043d\u0442\u0430\u043a\u0442\u044b"}]},{"@type":"WebSite","@id":"https:\/\/www.woodmaster.lt\/ru\/#website","url":"https:\/\/www.woodmaster.lt\/ru\/","name":"WOOD MASTER","description":"Medienos apdirbimo \u012frenginiai","publisher":{"@id":"https:\/\/www.woodmaster.lt\/ru\/#organization"},"potentialAction":[{"@type":"SearchAction","target":{"@type":"EntryPoint","urlTemplate":"https:\/\/www.woodmaster.lt\/ru\/?s={search_term_string}"},"query-input":{"@type":"PropertyValueSpecification","valueRequired":true,"valueName":"search_term_string"}}],"inLanguage":"ru-RU"},{"@type":"Organization","@id":"https:\/\/www.woodmaster.lt\/ru\/#organization","name":"WOOD MASTER","url":"https:\/\/www.woodmaster.lt\/ru\/","logo":{"@type":"ImageObject","inLanguage":"ru-RU","@id":"https:\/\/www.woodmaster.lt\/ru\/#\/schema\/logo\/image\/","url":"https:\/\/woodmaster.lt\/wp-content\/uploads\/2021\/10\/woodmaster-logo.svg","contentUrl":"https:\/\/woodmaster.lt\/wp-content\/uploads\/2021\/10\/woodmaster-logo.svg","width":1,"height":1,"caption":"WOOD MASTER"},"image":{"@id":"https:\/\/www.woodmaster.lt\/ru\/#\/schema\/logo\/image\/"}}]}},"_links":{"self":[{"href":"https:\/\/woodmaster.lt\/ru\/wp-json\/wp\/v2\/pages\/2602","targetHints":{"allow":["GET"]}}],"collection":[{"href":"https:\/\/woodmaster.lt\/ru\/wp-json\/wp\/v2\/pages"}],"about":[{"href":"https:\/\/woodmaster.lt\/ru\/wp-json\/wp\/v2\/types\/page"}],"author":[{"embeddable":true,"href":"https:\/\/woodmaster.lt\/ru\/wp-json\/wp\/v2\/users\/1"}],"replies":[{"embeddable":true,"href":"https:\/\/woodmaster.lt\/ru\/wp-json\/wp\/v2\/comments?post=2602"}],"version-history":[{"count":0,"href":"https:\/\/woodmaster.lt\/ru\/wp-json\/wp\/v2\/pages\/2602\/revisions"}],"wp:attachment":[{"href":"https:\/\/woodmaster.lt\/ru\/wp-json\/wp\/v2\/media?parent=2602"}],"curies":[{"name":"wp","href":"https:\/\/api.w.org\/{rel}","templated":true}]}}